{"id":1801,"date":"2025-01-15T21:12:41","date_gmt":"2025-01-15T18:12:41","guid":{"rendered":"https:\/\/www.resusitasyon.org\/?page_id=1801"},"modified":"2025-01-15T21:17:39","modified_gmt":"2025-01-15T18:17:39","slug":"gecmis-donem-yonetim-kurullari","status":"publish","type":"page","link":"https:\/\/www.resusitasyon.org\/en\/gecmis-donem-yonetim-kurullari\/","title":{"rendered":"Ge\u00e7mi\u015f D\u00f6nem Y\u00f6netim Kurullar\u0131"},"content":{"rendered":"<p class=\"has-text-align-left has-pale-cyan-blue-background-color has-background\"><strong>2016-2018 D\u00d6NEM\u0130 Y\u00d6NET\u0130M KURULU<\/strong><\/p>\n\n\n\n<p>Prsedient<br><strong>Prof. Dr. Agah \u00c7ERTU\u011e<\/strong><\/p>\n\n\n\n<p>Vice President<br><strong>Do\u00e7. Dr. Oktay DEM\u0130RKIRAN<\/strong><\/p>\n\n\n\n<p>Secretary General<br><strong>Prof. Dr. Bahar KUVAK\u0130 BALKAN<\/strong><\/p>\n\n\n\n<p>Treasurer<br><strong>Prof. Dr. Handan B\u0130RB\u0130\u00c7ER<\/strong><\/p>\n\n\n\n<p>Member<br><strong>Prof. Dr. \u015eule AKIN<\/strong><\/p>\n\n\n\n<p class=\"has-pale-cyan-blue-background-color has-background\"><strong>2013-2015 D\u00d6NEM\u0130 Y\u00d6NET\u0130M KURULU<\/strong><\/p>\n\n\n\n<p>Prsedient<br><strong>Prof. Dr. Agah \u00c7ERTU\u011e<\/strong><\/p>\n\n\n\n<p>Vice President<br><strong>Do\u00e7. Dr. Oktay DEM\u0130RKIRAN<\/strong><\/p>\n\n\n\n<p>Secretary General<br><strong>Prof. Dr. Bahar KUVAK\u0130 BALKAN<\/strong><\/p>\n\n\n\n<p>Treasurer<br><strong>Do\u00e7.Dr. G\u00f6n\u00fcl TEZCAN KELE\u015e<\/strong><\/p>\n\n\n\n<p>Member<br><strong>Do\u00e7. Dr. \u015eule AKIN<\/strong><\/p>\n\n\n\n<p class=\"has-pale-cyan-blue-background-color has-background\"><strong>2010-2012 D\u00d6NEM\u0130 Y\u00d6NET\u0130M KURULU<\/strong><\/p>\n\n\n\n<p>Prsedient<br><strong>Prof. Dr. Agah \u00c7ERTU\u011e<\/strong><\/p>\n\n\n\n<p>Vice President<br><strong>Prof. Dr. Mustafa AKIN<\/strong><\/p>\n\n\n\n<p>Secretary General<br><strong>Do\u00e7. Dr. Oktay DEM\u0130RKIRAN<\/strong><\/p>\n\n\n\n<p>Treasurer<br><strong>Do\u00e7. Dr. Kubilay DEM\u0130RA\u011e<\/strong><\/p>\n\n\n\n<p>Member<br><strong>Do\u00e7. Dr. G\u00f6n\u00fcl TEZCAN KELE\u015e<\/strong><\/p>\n\n\n\n<p class=\"has-pale-cyan-blue-background-color has-background\"><strong>2007-2009 D\u00d6NEM\u0130 Y\u00d6NET\u0130M KURULU<\/strong><\/p>\n\n\n\n<p>Prsedient<br><strong>Prof. Dr. Agah \u00c7ERTU\u011e<\/strong><\/p>\n\n\n\n<p>Vice President<br><strong>Prof. Dr. G\u00fclsen KORFALI<\/strong><\/p>\n\n\n\n<p>Secretary General<br><strong>Prof. Dr. Mustafa AKIN<\/strong><\/p>\n\n\n\n<p>Treasurer<br><strong>Do\u00e7. Dr. Oktay DEM\u0130RKIRAN<\/strong><\/p>\n\n\n\n<p>Member<br><strong>Do\u00e7. Dr. Kubilay DEM\u0130RA\u011e<\/strong><\/p>\n\n\n\n<p class=\"has-pale-cyan-blue-background-color has-background\"><strong>2006-2007 D\u00d6NEM\u0130 Y\u00d6NET\u0130M KURULU<\/strong><\/p>\n\n\n\n<p>Prsedient<br><strong>Prof. Dr. Agah \u00c7ERTU\u011e<\/strong><\/p>\n\n\n\n<p>Vice President<br><strong>Prof. Dr. G\u00fclsen KORFALI<\/strong><\/p>\n\n\n\n<p>Secretary General<br><strong>Prof. Dr. Mustafa AKIN<\/strong><\/p>\n\n\n\n<p>Treasurer<br><strong>Do\u00e7. Dr. Necati G\u00d6KMEN<\/strong><\/p>\n\n\n\n<p>Member<br><strong>Yrd. Do\u00e7. Dr. Kubilay DEM\u0130RA\u011e<\/strong><\/p>\n\n\n\n<p class=\"has-pale-cyan-blue-background-color has-background\"><strong>2005-2006 D\u00d6NEM\u0130 Y\u00d6NET\u0130M KURULU<\/strong><\/p>\n\n\n\n<p>Prsedient<br><strong>Prof. Dr. Agah \u00c7ERTU\u011e<\/strong><\/p>\n\n\n\n<p>Vice President<br><strong>Prof. Dr. G\u00fclsen KORFALI<\/strong><\/p>\n\n\n\n<p>Secretary General<br><strong>Prof. Dr. Mustafa AKIN<\/strong><\/p>\n\n\n\n<p>Treasurer<br><strong>Do\u00e7. Dr. Melek SAKARYA<\/strong><\/p>\n\n\n\n<p>Member<br><strong>Yrd. Do\u00e7. Dr. Kubilay DEM\u0130RA\u011e<\/strong><\/p>\n\n\n\n<p class=\"has-pale-cyan-blue-background-color has-background\"><strong>2003-2005 D\u00d6NEM\u0130 Y\u00d6NET\u0130M KURULU<\/strong><\/p>\n\n\n\n<p>Prsedient<br><strong>Prof. Dr. Agah \u00c7ERTU\u011e<\/strong><\/p>\n\n\n\n<p>Vice President<br><strong>Prof. Dr. Oya KUTLAY<\/strong><\/p>\n\n\n\n<p>Secretary General<br><strong>Prof. Dr. Ali Re\u015fat MORAL<\/strong><\/p>\n\n\n\n<p>Treasurer<br><strong>Prof. Dr. Mois BAHAR<\/strong><\/p>\n\n\n\n<p>Member<br><strong>Prof. Dr. Mustafa AKIN<\/strong><\/p>","protected":false},"excerpt":{"rendered":"<p>2016-2018 D\u00d6NEM\u0130 Y\u00d6NET\u0130M KURULU Ba\u015fkanProf. Dr. Agah \u00c7ERTU\u011e Ba\u015fkan Yard\u0131mc\u0131s\u0131Do\u00e7. Dr. Oktay DEM\u0130RKIRAN Genel SekreterProf. Dr. Bahar KUVAK\u0130 BALKAN SaymanProf. Dr. Handan B\u0130RB\u0130\u00c7ER \u00dcyeProf. Dr. \u015eule AKIN 2013-2015 D\u00d6NEM\u0130 Y\u00d6NET\u0130M KURULU Ba\u015fkanProf. Dr. Agah \u00c7ERTU\u011e Ba\u015fkan Yard\u0131mc\u0131s\u0131Do\u00e7. Dr. Oktay DEM\u0130RKIRAN Genel SekreterProf. Dr. Bahar KUVAK\u0130 BALKAN SaymanDo\u00e7.Dr. G\u00f6n\u00fcl TEZCAN KELE\u015e \u00dcyeDo\u00e7. Dr. \u015eule AKIN 2010-2012 [&hellip;]<\/p>\n","protected":false},"author":1,"featured_media":0,"parent":0,"menu_order":0,"comment_status":"closed","ping_status":"closed","template":"","meta":{"footnotes":""},"class_list":["post-1801","page","type-page","status-publish","hentry"],"_links":{"self":[{"href":"https:\/\/www.resusitasyon.org\/en\/wp-json\/wp\/v2\/pages\/1801","targetHints":{"allow":["GET"]}}],"collection":[{"href":"https:\/\/www.resusitasyon.org\/en\/wp-json\/wp\/v2\/pages"}],"about":[{"href":"https:\/\/www.resusitasyon.org\/en\/wp-json\/wp\/v2\/types\/page"}],"author":[{"embeddable":true,"href":"https:\/\/www.resusitasyon.org\/en\/wp-json\/wp\/v2\/users\/1"}],"replies":[{"embeddable":true,"href":"https:\/\/www.resusitasyon.org\/en\/wp-json\/wp\/v2\/comments?post=1801"}],"version-history":[{"count":3,"href":"https:\/\/www.resusitasyon.org\/en\/wp-json\/wp\/v2\/pages\/1801\/revisions"}],"predecessor-version":[{"id":1806,"href":"https:\/\/www.resusitasyon.org\/en\/wp-json\/wp\/v2\/pages\/1801\/revisions\/1806"}],"wp:attachment":[{"href":"https:\/\/www.resusitasyon.org\/en\/wp-json\/wp\/v2\/media?parent=1801"}],"curies":[{"name":"wp","href":"https:\/\/api.w.org\/{rel}","templated":true}]}}