{"id":1789,"date":"2025-01-15T21:45:23","date_gmt":"2025-01-15T18:45:23","guid":{"rendered":"https:\/\/www.resusitasyon.org\/?page_id=1789"},"modified":"2025-01-15T21:45:23","modified_gmt":"2025-01-15T18:45:23","slug":"yonetim-kurulu-2003-2005","status":"publish","type":"page","link":"https:\/\/www.resusitasyon.org\/en\/yonetim-kurulu-2003-2005\/","title":{"rendered":"2003-2005"},"content":{"rendered":"<p><strong>DERNE\u011e\u0130M\u0130Z 2003-2005 D\u00d6NEM\u0130 Y\u00d6NET\u0130M KURULU<\/strong><\/p>\n\n\n\n<p>Prsedient<br><strong>Prof. Dr. Agah \u00c7ERTU\u011e<\/strong><\/p>\n\n\n\n<p>Vice President<br><strong>Prof. Dr. Oya KUTLAY<\/strong><\/p>\n\n\n\n<p>Secretary General<br><strong>Prof. Dr. Ali Re\u015fat MORAL<\/strong><\/p>\n\n\n\n<p>Treasurer<br><strong>Prof. Dr. Mois BAHAR<\/strong><\/p>\n\n\n\n<p>Member<br><strong>Prof. Dr. Mustafa AKIN<\/strong><\/p>\n\n\n\n<p><\/p>","protected":false},"excerpt":{"rendered":"<p>DERNE\u011e\u0130M\u0130Z 2003-2005 D\u00d6NEM\u0130 Y\u00d6NET\u0130M KURULU Ba\u015fkanProf. Dr. Agah \u00c7ERTU\u011e Ba\u015fkan Yard\u0131mc\u0131s\u0131Prof. Dr. Oya KUTLAY Genel SekreterProf. Dr. Ali Re\u015fat MORAL SaymanProf. Dr. Mois BAHAR \u00dcyeProf. Dr. Mustafa AKIN<\/p>","protected":false},"author":1,"featured_media":0,"parent":0,"menu_order":0,"comment_status":"closed","ping_status":"closed","template":"","meta":{"footnotes":""},"class_list":["post-1789","page","type-page","status-publish","hentry"],"_links":{"self":[{"href":"https:\/\/www.resusitasyon.org\/en\/wp-json\/wp\/v2\/pages\/1789","targetHints":{"allow":["GET"]}}],"collection":[{"href":"https:\/\/www.resusitasyon.org\/en\/wp-json\/wp\/v2\/pages"}],"about":[{"href":"https:\/\/www.resusitasyon.org\/en\/wp-json\/wp\/v2\/types\/page"}],"author":[{"embeddable":true,"href":"https:\/\/www.resusitasyon.org\/en\/wp-json\/wp\/v2\/users\/1"}],"replies":[{"embeddable":true,"href":"https:\/\/www.resusitasyon.org\/en\/wp-json\/wp\/v2\/comments?post=1789"}],"version-history":[{"count":1,"href":"https:\/\/www.resusitasyon.org\/en\/wp-json\/wp\/v2\/pages\/1789\/revisions"}],"predecessor-version":[{"id":1790,"href":"https:\/\/www.resusitasyon.org\/en\/wp-json\/wp\/v2\/pages\/1789\/revisions\/1790"}],"wp:attachment":[{"href":"https:\/\/www.resusitasyon.org\/en\/wp-json\/wp\/v2\/media?parent=1789"}],"curies":[{"name":"wp","href":"https:\/\/api.w.org\/{rel}","templated":true}]}}