{"id":1783,"date":"2025-01-15T21:45:26","date_gmt":"2025-01-15T18:45:26","guid":{"rendered":"https:\/\/www.resusitasyon.org\/?page_id=1783"},"modified":"2025-01-15T21:45:26","modified_gmt":"2025-01-15T18:45:26","slug":"yonetim-kurulu-2007-2009","status":"publish","type":"page","link":"https:\/\/www.resusitasyon.org\/en\/yonetim-kurulu-2007-2009\/","title":{"rendered":"2007-2009"},"content":{"rendered":"<p><strong>DERNE\u011e\u0130M\u0130Z 2007-2009 D\u00d6NEM\u0130 Y\u00d6NET\u0130M KURULU<\/strong><\/p>\n\n\n\n<p>Prsedient<br><strong>Prof. Dr. Agah \u00c7ERTU\u011e<\/strong><\/p>\n\n\n\n<p>Vice President<br><strong>Prof. Dr. G\u00fclsen KORFALI<\/strong><\/p>\n\n\n\n<p>Secretary General<br><strong>Prof. Dr. Mustafa AKIN<\/strong><\/p>\n\n\n\n<p>Treasurer<br><strong>Do\u00e7. Dr. Oktay DEM\u0130RKIRAN<\/strong><\/p>\n\n\n\n<p>Member<br><strong>Do\u00e7. Dr. Kubilay DEM\u0130RA\u011e<\/strong><\/p>","protected":false},"excerpt":{"rendered":"<p>DERNE\u011e\u0130M\u0130Z 2007-2009 D\u00d6NEM\u0130 Y\u00d6NET\u0130M KURULU Ba\u015fkanProf. Dr. Agah \u00c7ERTU\u011e Ba\u015fkan Yard\u0131mc\u0131s\u0131Prof. Dr. G\u00fclsen KORFALI Genel SekreterProf. Dr. Mustafa AKIN SaymanDo\u00e7. Dr. Oktay DEM\u0130RKIRAN \u00dcyeDo\u00e7. Dr. Kubilay DEM\u0130RA\u011e<\/p>","protected":false},"author":1,"featured_media":0,"parent":0,"menu_order":0,"comment_status":"closed","ping_status":"closed","template":"","meta":{"footnotes":""},"class_list":["post-1783","page","type-page","status-publish","hentry"],"_links":{"self":[{"href":"https:\/\/www.resusitasyon.org\/en\/wp-json\/wp\/v2\/pages\/1783","targetHints":{"allow":["GET"]}}],"collection":[{"href":"https:\/\/www.resusitasyon.org\/en\/wp-json\/wp\/v2\/pages"}],"about":[{"href":"https:\/\/www.resusitasyon.org\/en\/wp-json\/wp\/v2\/types\/page"}],"author":[{"embeddable":true,"href":"https:\/\/www.resusitasyon.org\/en\/wp-json\/wp\/v2\/users\/1"}],"replies":[{"embeddable":true,"href":"https:\/\/www.resusitasyon.org\/en\/wp-json\/wp\/v2\/comments?post=1783"}],"version-history":[{"count":1,"href":"https:\/\/www.resusitasyon.org\/en\/wp-json\/wp\/v2\/pages\/1783\/revisions"}],"predecessor-version":[{"id":1784,"href":"https:\/\/www.resusitasyon.org\/en\/wp-json\/wp\/v2\/pages\/1783\/revisions\/1784"}],"wp:attachment":[{"href":"https:\/\/www.resusitasyon.org\/en\/wp-json\/wp\/v2\/media?parent=1783"}],"curies":[{"name":"wp","href":"https:\/\/api.w.org\/{rel}","templated":true}]}}