{"id":1110,"date":"2024-09-30T11:46:34","date_gmt":"2024-09-30T08:46:34","guid":{"rendered":"https:\/\/www.resusitasyon.org\/?page_id=1110"},"modified":"2026-01-13T19:21:20","modified_gmt":"2026-01-13T16:21:20","slug":"kurs-kurallari","status":"publish","type":"page","link":"https:\/\/www.resusitasyon.org\/en\/kurs-kurallari\/","title":{"rendered":"Course Rules"},"content":{"rendered":"<section id=\"section-id-1613543294239\" class=\"sppb-section\">\n<div class=\"sppb-row-container\">\n<div class=\"sppb-row\">\n<div id=\"column-wrap-id-1613543294238\" class=\"sppb-col-md-12\">\n<div id=\"column-id-1613543294238\" class=\"sppb-column\">\n<div class=\"sppb-column-addons\">\n<div id=\"sppb-addon-wrapper-1613543294242\" class=\"sppb-addon-wrapper  addon-root-text-block\">\n<div id=\"sppb-addon-1613543294242\" class=\"clearfix\">\n<div class=\"sppb-addon sppb-addon-text-block\">\n<div id=\"div_block-25-1144\" class=\"ct-div-block div-icerik\">\n<div id=\"text_block-26-1144\" class=\"ct-text-block\">\n<p>Say\u0131n Meslekta\u015flar\u0131m,<\/p>\n<p>Res\u00fcsitasyon Derne\u011fi ve Avrupa Res\u00fcsitasyon Konseyi (ERC) i\u015fbirli\u011fi ile, \u00fclkemizde Avrupa standartlar\u0131nda \u0130leri Ya\u015fam Deste\u011fi (\u0130YD) Kurslar\u0131 d\u00fczenlenmektedir.<\/p>\n<p>Anestezi uzmanl\u0131\u011f\u0131, di\u011fer b\u00f6l\u00fcm uzmanl\u0131klar\u0131, t\u0131p e\u011fitimi s\u0131ras\u0131nda veya uzman olduktan sonra, yo\u011fun bak\u0131m, acil servis ve genel riskli hasta bak\u0131m\u0131 s\u0131ras\u0131nda bilgi peki\u015ftirmek amac\u0131yla \u00e7ok \u00f6nemli olan kardiyopulmoner resusitasyon (KPR) e\u011fitimi i\u00e7in katk\u0131da bulunacak olan ERC-\u0130YD kurslar\u0131 \u00fclkemizde ERC- ALS E\u011fitimci sertifikas\u0131na sahip hekimler taraf\u0131ndan verilmektedir.<\/p>\n<p>Avrupa Resusitasyon Konseyi\u2019inin 2021 rehberine uygun olarak geli\u015ftirilmi\u015f olan bu ileri ya\u015fam deste\u011fi uygulay\u0131c\u0131 kursu\u00a0 (ERC ALS provider course) i\u00e7in ba\u015fvurmak isteyenlerin https:\/\/www.erc.edu\/ adresinden Avrupa Resusitasyon Konseyi web sayfas\u0131na girerek \u00f6ncelikle sisteme kay\u0131t yapt\u0131rmalar\u0131 gerekmektedir. Avrupa\u2019da da d\u00fczenlenen bu kurslar\u0131n standartlar\u0131 gere\u011fi ERC \u00fczerinden kay\u0131t olmak zorunludur.<\/p>\n<p>ERC- \u0130leri Ya\u015fam deste\u011fi kurslar\u0131 i\u00e7in iki tam g\u00fcn kat\u0131l\u0131m sa\u011flanmas\u0131 gerekmektedir. Kursun sonunda ba\u015far\u0131l\u0131 olanlara 3 y\u0131l ge\u00e7erli olan ERC-ALS provider (ERC-\u0130YD uygulay\u0131c\u0131) sertifikas\u0131 verilecektir. ERC \u00fczerinden kayd\u0131n\u0131 yapt\u0131ran ve a\u015fa\u011f\u0131da belirtilen banka hesab\u0131na ba\u011f\u0131\u015f\u0131 yat\u0131rm\u0131\u015f olanlar, kurs \u00f6ncesi haz\u0131rl\u0131k i\u00e7in yararlanaca\u011f\u0131 kurs kitab\u0131n\u0131 kursa gitmeden \u00f6nce online olarak temin etmi\u015f olacakt\u0131r.<\/p>\n<p>Kaydolmak icin bahsedilen sayfa <a href=\"https:\/\/www.erc.edu\/\" target=\"_blank\" rel=\"noopener\">https:\/\/www.erc.edu\/<\/a> adresinden a\u00e7\u0131ld\u0131ktan sonra en altta yer alan \u201c<a href=\"https:\/\/cosy.erc.edu\/en\/sessions\/calendar\" target=\"_blank\" rel=\"noopener\">course calendar<\/a>\u201d \u00fczerine t\u0131klay\u0131p \u00fclke olarak T\u00fcrkiye\u2019yi se\u00e7ti\u011finizde takvimden istedi\u011finiz kursun tarihini ve yerini g\u00f6receksiniz, bu kutucu\u011fa t\u0131klaman\u0131z gerekmektedir, bu \u015fekilde sistem sizi y\u00f6nlendirecektir.<\/p>\n<p><strong><u>Bu kursa kat\u0131l\u0131m i\u00e7in s\u0131ras\u0131yla;<\/u><\/strong><\/p>\n<p>Kayd\u0131n\u0131z\u0131 <a href=\"https:\/\/www.erc.edu\/\" target=\"_blank\" rel=\"noopener\">www.erc.edu<\/a> adresinden girerek gidece\u011finiz kursu se\u00e7ip ki\u015fisel bilgilerinizi do\u011fru ve yeterli girerek kay\u0131t olu\u015fturunuz.<\/p>\n<ol>\n<li>Kay\u0131t olu\u015fturduktan sonra kurs i\u00e7in ba\u011f\u0131\u015f\u0131n\u0131z\u0131 yat\u0131r\u0131p yukar\u0131da belirtilen banka hesab\u0131na yat\u0131rarak\u00a0 Dekont belgesini Kurs Direkt\u00f6r\u00fcne kurstan 3 hafta \u00f6nce iletilmelidir.<\/li>\n<li>Dekontun \u00fczerine ad\u0131n\u0131z\u0131-soyad\u0131n\u0131z\u0131 ve size ula\u015fabilece\u011fimiz cep telefonu numaras\u0131n\u0131 eklemeyi unutmay\u0131n\u0131z.<\/li>\n<li>Kay\u0131t yap\u0131ld\u0131ktan ve kurs ba\u011f\u0131\u015f \u00f6deme dekont belgeniz ilgili kurs direkt\u00f6r\u00fcm\u00fcze g\u00f6nderildikten sonra iletti\u011finizde kurs e\u011fitim materyallerine ula\u015fman\u0131z ERC web sitesi \u00fczerinden sa\u011flanacakt\u0131r.<\/li>\n<li>Belirtilen tarihe kadar kurs ba\u011f\u0131\u015f\u0131 yat\u0131ramayan kat\u0131l\u0131mc\u0131lar\u0131m\u0131z\u0131n yerine yeni ba\u015fvurular kabul edilecektir.<\/li>\n<li>ERC web sitesi \u00fczerinden kay\u0131t yapt\u0131rmadan, sadece kurs ba\u011f\u0131\u015f\u0131n\u0131z\u0131 yat\u0131rm\u0131\u015f olman\u0131z kursa kayd\u0131n\u0131z\u0131n oldu\u011fu anlam\u0131na gelmemektedir.<\/li>\n<li>Kursa kat\u0131l\u0131mlar\u0131 sa\u011fl\u0131k sorunu (raporlu belge niteli\u011finde) d\u0131\u015f\u0131nda ba\u015fka programlar\u0131 nedeniyle kat\u0131l\u0131mc\u0131lar taraf\u0131ndan iptal edilen meslekta\u015flar\u0131m\u0131z\u0131n kurs i\u00e7in yap\u0131lan ba\u011f\u0131\u015flar iade edilmeyecektir.<\/li>\n<\/ol>\n<p><strong>RES\u00dcS\u0130TASYON DERNE\u011e\u0130<\/strong><br \/>\nAKBANK NARLIDERE \u015eUBES\u0130<br \/>\nTR91 0004 6003 4888 8000 0499 72<\/p>\n<p>Kurs Kayd\u0131n\u0131z\u0131n ard\u0131ndan kurs ba\u011f\u0131\u015f\u0131n\u0131z\u0131 yat\u0131rd\u0131\u011f\u0131n\u0131za dair Dekont belgesini Kurs Direkt\u00f6r\u00fcne iletti\u011finizde kurs e\u011fitim materyallerine ula\u015fman\u0131z sa\u011flanacakt\u0131r.<\/p>\n<p>Ba\u015far\u0131l\u0131 bir kurs dileklerimizle sayg\u0131 ve sevgilerimizi sunar\u0131z.<\/p>\n<p>Kurs veya m\u00fcracaat ile ilgili sorular\u0131n\u0131z i\u00e7in ilgili kurs direkt\u00f6r\u00fcn\u00fc her zaman arayabilirsiniz.<\/p>\n<\/div>\n<\/div>\n<\/div>\n<\/div>\n<\/div>\n<\/div>\n<\/div>\n<\/div>\n<\/div>\n<\/div>\n<\/section>","protected":false},"excerpt":{"rendered":"<p>Say\u0131n Meslekta\u015flar\u0131m, Res\u00fcsitasyon Derne\u011fi ve Avrupa Res\u00fcsitasyon Konseyi (ERC) i\u015fbirli\u011fi ile, \u00fclkemizde Avrupa standartlar\u0131nda \u0130leri Ya\u015fam Deste\u011fi (\u0130YD) Kurslar\u0131 d\u00fczenlenmektedir. Anestezi uzmanl\u0131\u011f\u0131, di\u011fer b\u00f6l\u00fcm uzmanl\u0131klar\u0131, t\u0131p e\u011fitimi s\u0131ras\u0131nda veya uzman olduktan sonra, yo\u011fun bak\u0131m, acil servis ve genel riskli hasta bak\u0131m\u0131 s\u0131ras\u0131nda bilgi peki\u015ftirmek amac\u0131yla \u00e7ok \u00f6nemli olan kardiyopulmoner resusitasyon (KPR) e\u011fitimi i\u00e7in katk\u0131da bulunacak [&hellip;]<\/p>\n","protected":false},"author":1,"featured_media":0,"parent":0,"menu_order":0,"comment_status":"closed","ping_status":"closed","template":"","meta":{"footnotes":""},"class_list":["post-1110","page","type-page","status-publish","hentry"],"_links":{"self":[{"href":"https:\/\/www.resusitasyon.org\/en\/wp-json\/wp\/v2\/pages\/1110","targetHints":{"allow":["GET"]}}],"collection":[{"href":"https:\/\/www.resusitasyon.org\/en\/wp-json\/wp\/v2\/pages"}],"about":[{"href":"https:\/\/www.resusitasyon.org\/en\/wp-json\/wp\/v2\/types\/page"}],"author":[{"embeddable":true,"href":"https:\/\/www.resusitasyon.org\/en\/wp-json\/wp\/v2\/users\/1"}],"replies":[{"embeddable":true,"href":"https:\/\/www.resusitasyon.org\/en\/wp-json\/wp\/v2\/comments?post=1110"}],"version-history":[{"count":9,"href":"https:\/\/www.resusitasyon.org\/en\/wp-json\/wp\/v2\/pages\/1110\/revisions"}],"predecessor-version":[{"id":1978,"href":"https:\/\/www.resusitasyon.org\/en\/wp-json\/wp\/v2\/pages\/1110\/revisions\/1978"}],"wp:attachment":[{"href":"https:\/\/www.resusitasyon.org\/en\/wp-json\/wp\/v2\/media?parent=1110"}],"curies":[{"name":"wp","href":"https:\/\/api.w.org\/{rel}","templated":true}]}}