{"id":1095,"date":"2024-09-30T11:36:03","date_gmt":"2024-09-30T08:36:03","guid":{"rendered":"https:\/\/www.resusitasyon.org\/?page_id=1095"},"modified":"2025-02-06T11:40:18","modified_gmt":"2025-02-06T08:40:18","slug":"yonetim-kurulu-2022-2025","status":"publish","type":"page","link":"https:\/\/www.resusitasyon.org\/en\/yonetim-kurulu-2022-2025\/","title":{"rendered":"2022-2025"},"content":{"rendered":"<figure class=\"wp-block-image\"><img decoding=\"async\" src=\"https:\/\/www.resusitasyon.org\/wp-content\/uploads\/2016\/03\/yonetim-kurulu-2025-72d.jpg\" alt=\"\"\/><\/figure>\n\n\n\n<p>Prsedient<br><strong>Prof. Dr. \u015eule AKIN<\/strong><\/p>\n\n\n\n<p>Vice President<br><strong>Prof. Dr. G\u00f6n\u00fcl TEZCAN KELE\u015e<\/strong><\/p>\n\n\n\n<p>Secretary General<br><strong>Prof. Dr. Nurcan DORUK<\/strong><\/p>\n\n\n\n<p>Treasurer<br><strong>Do\u00e7. Dr. \u015eule \u00d6ZB\u0130LG\u0130N<\/strong><\/p>\n\n\n\n<p>Member<br><strong>Prof. Dr. Handan B\u0130RB\u0130\u00c7ER<\/strong><\/p>\n\n\n\n<p><strong>Alternate Members of the Board of Directors<br><\/strong><br>Uzm. Dr. Asl\u0131 KARSLI<br>Dr. \u00d6\u011fretim \u00dcyesi Levent \u00d6ZDEM\u0130R<br>Anestezi Tekn. Hatice CEYRAN<br>Uzm. Dr. \u00dcmm\u00fchan ERDEM<br>Uzm. Dr. Melike SAYGILI<\/p>\n\n\n\n<p><strong>Audit Committee Members<br><\/strong><br>Uzm. Dr. Elif REYHAN<br>Do\u00e7. Dr. Tuba CANPOLAT<br>Do\u00e7. Dr. Hatice \u00d6ZDO\u011eAN<br><\/p>\n\n\n\n<p><strong>Audit Committee Alternate Members<br><\/strong><br>Anestezi Tekn. Alpay CEYRAN<br>Uzm. Dr. Ceyda BELENL\u0130<br>Uzm. Dr. M.Nuri BOZKURT<\/p>","protected":false},"excerpt":{"rendered":"<p>Ba\u015fkanProf. Dr. \u015eule AKIN Ba\u015fkan Yard\u0131mc\u0131s\u0131Prof. Dr. G\u00f6n\u00fcl TEZCAN KELE\u015e Genel SekreterProf. Dr. Nurcan DORUK SaymanDo\u00e7. Dr. \u015eule \u00d6ZB\u0130LG\u0130N \u00dcyeProf. Dr. Handan B\u0130RB\u0130\u00c7ER Y\u00f6netim Kurulu Yedek \u00dcyelerUzm. Dr. Asl\u0131 KARSLIDr. \u00d6\u011fretim \u00dcyesi Levent \u00d6ZDEM\u0130RAnestezi Tekn. Hatice CEYRANUzm. Dr. \u00dcmm\u00fchan ERDEMUzm. Dr. Melike SAYGILI Denetim Kurulu Asil \u00dcyelerUzm. Dr. Elif REYHANDo\u00e7. Dr. Tuba CANPOLATDo\u00e7. Dr. Hatice [&hellip;]<\/p>\n","protected":false},"author":1,"featured_media":0,"parent":0,"menu_order":0,"comment_status":"closed","ping_status":"closed","template":"","meta":{"footnotes":""},"class_list":["post-1095","page","type-page","status-publish","hentry"],"_links":{"self":[{"href":"https:\/\/www.resusitasyon.org\/en\/wp-json\/wp\/v2\/pages\/1095","targetHints":{"allow":["GET"]}}],"collection":[{"href":"https:\/\/www.resusitasyon.org\/en\/wp-json\/wp\/v2\/pages"}],"about":[{"href":"https:\/\/www.resusitasyon.org\/en\/wp-json\/wp\/v2\/types\/page"}],"author":[{"embeddable":true,"href":"https:\/\/www.resusitasyon.org\/en\/wp-json\/wp\/v2\/users\/1"}],"replies":[{"embeddable":true,"href":"https:\/\/www.resusitasyon.org\/en\/wp-json\/wp\/v2\/comments?post=1095"}],"version-history":[{"count":6,"href":"https:\/\/www.resusitasyon.org\/en\/wp-json\/wp\/v2\/pages\/1095\/revisions"}],"predecessor-version":[{"id":1850,"href":"https:\/\/www.resusitasyon.org\/en\/wp-json\/wp\/v2\/pages\/1095\/revisions\/1850"}],"wp:attachment":[{"href":"https:\/\/www.resusitasyon.org\/en\/wp-json\/wp\/v2\/media?parent=1095"}],"curies":[{"name":"wp","href":"https:\/\/api.w.org\/{rel}","templated":true}]}}