{"id":1087,"date":"2024-09-30T11:32:36","date_gmt":"2024-09-30T08:32:36","guid":{"rendered":"https:\/\/www.resusitasyon.org\/?page_id=1087"},"modified":"2024-10-01T16:42:10","modified_gmt":"2024-10-01T13:42:10","slug":"yonetim-kurulu-2018-2020","status":"publish","type":"page","link":"https:\/\/www.resusitasyon.org\/en\/yonetim-kurulu-2018-2020\/","title":{"rendered":"2018-2020"},"content":{"rendered":"<p><strong>DERNE\u011e\u0130M\u0130Z 2018-2020 D\u00d6NEM\u0130 Y\u00d6NET\u0130M KURULU<br \/><\/strong><\/p>\n<p><img decoding=\"async\" src=\"https:\/\/www.resusitasyon.org\/wp-content\/uploads\/2016\/03\/yonetim_kurulu-b7d.jpg\" alt=\"\" \/><\/p>\n<p><strong>Y\u00d6NET\u0130M KURULU AS\u0130L \u00dcYELER\u0130<\/strong><\/p>\n<p>Prsedient<br \/><strong>Prof.Dr. \u015eule AKIN<\/strong><br \/>Girne Amerikan \u00dcniversitesi T\u0131p Fak\u00fcltesi<\/p>\n<p>Vice President <br \/><strong>Prof.Dr. G\u00f6n\u00fcl TEZCAN KELE\u015e<\/strong> <br \/>Celal Bayar \u00dcniversitesi T\u0131p Fak\u00fcltesi - Manisa<\/p>\n<p>Secretary General <br \/><strong>Prof.Dr. Nurcan DORUK<\/strong> <br \/>Mersin \u00dcniversitesi T\u0131p Fak\u00fcltesi - \u0130\u00e7el<\/p>\n<p>Treasurer<br \/><strong>Prof.Dr. Handan B\u0130RB\u0130\u00c7ER<br \/><\/strong>Mersin \u00dcniversitesi T\u0131p Fak\u00fcltesi - \u0130\u00e7el<\/p>\n<p>Member<br \/><strong>Do\u00e7.Dr. \u015eule \u00d6ZB\u0130LG\u0130N<\/strong> <br \/>Dokuz Eyl\u00fcl \u00dcniversitesi T\u0131p Fak\u00fcltesi - \u0130zmir<\/p>\n<p><img decoding=\"async\" src=\"https:\/\/www.resusitasyon.org\/wp-content\/uploads\/2016\/03\/yonetim_kurulu_2-9b4.jpg\" alt=\"\" \/><\/p>\n<p><strong>Y\u00d6NET\u0130M KURULU YEDEK \u00dcYELER\u0130<br \/><\/strong><br \/><strong>Do\u00e7.Dr. Dilek \u00d6M\u00dcR AR\u00c7A<\/strong> <br \/>Dokuz Eyl\u00fcl \u00dcniversitesi T\u0131p Fak\u00fcltesi - \u0130zmir<\/p>\n<p><strong>Do\u00e7.Dr. P\u0131nar ERGENO\u011eLU<\/strong><br \/>Ba\u015fkent \u00dcniversitesi T\u0131p Fak\u00fcltesi - Adana<\/p>\n<p><strong>Yrd.Do\u00e7.Dr. Asl\u0131nur SAG\u00dcN<\/strong> <br \/>Mersin \u00dcniversitesi T\u0131p Fak\u00fcltesi - \u0130\u00e7el<\/p>\n<p><strong>Do\u00e7.Dr. Canan BOR<\/strong> <br \/>Ege \u00dcniversitesi T\u0131p Fak\u00fcltesi - \u0130zmir<\/p>\n<p><strong>Uzm. Dr. Zeynep PEST\u0130LC\u0130 \u00c7A\u011eIRAN<\/strong> <br \/>Ege \u00dcniversitesi T\u0131p Fak\u00fcltesi \u2013 \u0130zmir<\/p>\n<p><strong>DENETLEME KURULU AS\u0130L \u00dcYELER\u0130<br \/><\/strong><br \/><strong>Prof.Dr. Volkan HANCI<\/strong><br \/>Dokuz Eyl\u00fcl \u00dcniversitesi T\u0131p Fak\u00fcltesi - \u0130zmir<\/p>\n<p><strong>Prof.Dr. Kubilay DEM\u0130RA\u011e<\/strong> <br \/>Ege \u00dcniversitesi T\u0131p Fak\u00fcltesi - \u0130zmir<\/p>\n<p><strong>Uzm.Dr. G\u00fcne\u015f TERZ\u0130<\/strong> <br \/>Dokuz Eyl\u00fcl \u00dcniversitesi T\u0131p Fak\u00fcltesi - \u0130zmir<\/p>\n<p><strong>DENETLEME KURULU YEDEK \u00dcYELER\u0130<\/strong><\/p>\n<p><strong>Prof. Dr. H\u00fclya SUNGURTEK\u0130N<\/strong> <br \/>Pamukkale \u00dcniversitesi T\u0131p Fak\u00fcltesi - Denizli<\/p>\n<p><strong>Do\u00e7.Dr. \u00c7a\u011fla BAL\u0130<\/strong> <br \/>Ba\u015fkent \u00dcniversitesi T\u0131p Fak\u00fcltesi - Adana<\/p>\n<p><strong>Yrd.Do\u00e7.Dr. \u00d6zlem \u00d6ZMETE<\/strong> <br \/>Ba\u015fkent \u00dcniversitesi T\u0131p Fak\u00fcltesi - Adana<\/p>\n\n\n<p><\/p>","protected":false},"excerpt":{"rendered":"<p>DERNE\u011e\u0130M\u0130Z 2018-2020 D\u00d6NEM\u0130 Y\u00d6NET\u0130M KURULU Y\u00d6NET\u0130M KURULU AS\u0130L \u00dcYELER\u0130 Ba\u015fkanProf.Dr. \u015eule AKINGirne Amerikan \u00dcniversitesi T\u0131p Fak\u00fcltesi Ba\u015fkan Yard\u0131mc\u0131s\u0131 Prof.Dr. G\u00f6n\u00fcl TEZCAN KELE\u015e Celal Bayar \u00dcniversitesi T\u0131p Fak\u00fcltesi - Manisa Genel Sekreter Prof.Dr. Nurcan DORUK Mersin \u00dcniversitesi T\u0131p Fak\u00fcltesi - \u0130\u00e7el SaymanProf.Dr. Handan B\u0130RB\u0130\u00c7ERMersin \u00dcniversitesi T\u0131p Fak\u00fcltesi - \u0130\u00e7el \u00dcyeDo\u00e7.Dr. \u015eule \u00d6ZB\u0130LG\u0130N Dokuz Eyl\u00fcl \u00dcniversitesi T\u0131p [&hellip;]<\/p>\n","protected":false},"author":1,"featured_media":0,"parent":0,"menu_order":0,"comment_status":"closed","ping_status":"closed","template":"","meta":{"footnotes":""},"class_list":["post-1087","page","type-page","status-publish","hentry"],"_links":{"self":[{"href":"https:\/\/www.resusitasyon.org\/en\/wp-json\/wp\/v2\/pages\/1087","targetHints":{"allow":["GET"]}}],"collection":[{"href":"https:\/\/www.resusitasyon.org\/en\/wp-json\/wp\/v2\/pages"}],"about":[{"href":"https:\/\/www.resusitasyon.org\/en\/wp-json\/wp\/v2\/types\/page"}],"author":[{"embeddable":true,"href":"https:\/\/www.resusitasyon.org\/en\/wp-json\/wp\/v2\/users\/1"}],"replies":[{"embeddable":true,"href":"https:\/\/www.resusitasyon.org\/en\/wp-json\/wp\/v2\/comments?post=1087"}],"version-history":[{"count":2,"href":"https:\/\/www.resusitasyon.org\/en\/wp-json\/wp\/v2\/pages\/1087\/revisions"}],"predecessor-version":[{"id":1158,"href":"https:\/\/www.resusitasyon.org\/en\/wp-json\/wp\/v2\/pages\/1087\/revisions\/1158"}],"wp:attachment":[{"href":"https:\/\/www.resusitasyon.org\/en\/wp-json\/wp\/v2\/media?parent=1087"}],"curies":[{"name":"wp","href":"https:\/\/api.w.org\/{rel}","templated":true}]}}