{"id":1084,"date":"2024-09-30T11:28:34","date_gmt":"2024-09-30T08:28:34","guid":{"rendered":"https:\/\/www.resusitasyon.org\/?page_id=1084"},"modified":"2024-09-30T11:28:35","modified_gmt":"2024-09-30T08:28:35","slug":"tarihce","status":"publish","type":"page","link":"https:\/\/www.resusitasyon.org\/en\/tarihce\/","title":{"rendered":"History"},"content":{"rendered":"<p>De\u011ferli Meslekta\u015flar\u0131m;<\/p>\n<p>1996 y\u0131l\u0131nda, T\u00fcrk Anesteziyoloji ve Reanimasyon Derne\u011fi b\u00fcnyesinde kurulmu\u015f bulunan <strong>\u201cRes\u00fcsitasyon Komitesi\u201d<\/strong>, 1998 y\u0131l\u0131nda <strong>\u201cEuropean Resuscitation Council(ERC)<\/strong> ile i\u015fbirli\u011fine ba\u015flam\u0131\u015ft\u0131r. Kuruldu\u011fu g\u00fcnden bu yana, T\u00fcrk Anesteziyoloji ve Reanimasyon Derne\u011fi y\u00f6netim kurullar\u0131 \u201cRes\u00fcsitasyon Komitesi\u2019ne ve\u00a0 ERC\u2019ye olan \u00fcyeli\u011fimize son derece \u00f6nem vermi\u015f, her t\u00fcrl\u00fc maddi ve manevi deste\u011fi sa\u011flam\u0131\u015flard\u0131r. Bu s\u00fcre\u00e7 i\u00e7erisinde TARD Y\u00f6netim Kurulunda g\u00f6rev alm\u0131\u015f olan t\u00fcm meslekta\u015flar\u0131ma sonsuz te\u015fekk\u00fcrlerimi sunar\u0131m.<\/p>\n<p>3-5 Ekim 2002 tarihlerinde \u0130talya\u2019n\u0131n Floransa kentinde ger\u00e7ekle\u015ftirilen, European Resuscitation Council (ERC)\u2019in 6. Bilimsel Kongresi s\u0131ras\u0131nda, ERC \u00fcst d\u00fczey y\u00f6neticileri ile yapt\u0131\u011f\u0131m\u0131z g\u00f6r\u00fc\u015fmeler sonucunda son derece\u00a0 \u00f6nemli geli\u015fmeler olu\u015fmu\u015ftur.<\/p>\n<p>ERC, y\u00f6neticileri her \u00fclkeden sadece bir kurulu\u015f ile muhatap olduklar\u0131n\u0131 ve bug\u00fcne kadar T\u00fcrk Anesteziyoloji ve Reanimasyon Derne\u011fi\u2019ne ba\u011fl\u0131 olarak \u00e7al\u0131\u015fmakta olan\u00a0 \u201cT\u00fcrk Res\u00fcsitasyon Komitesi\u201dni T\u00fcrkiye\u2019de tek muhatap kabul ettiklerini bildirmi\u015flerdir. Bu durumun s\u00fcreklilik kazanmas\u0131 ve ERC ile daha ileri d\u00fczeyde i\u015fbirli\u011fi sa\u011flanabilmesi i\u00e7in res\u00fcsitasyon Komitesi\u2019nin, m\u00fcltidisipliner ve ba\u011f\u0131ms\u0131z bir \u201cRes\u00fcsitasyon Derne\u011fi\u201d haline d\u00f6n\u00fc\u015ft\u00fcr\u00fclmesini \u00f6nermi\u015flerdir. Bu de\u011fi\u015fikliklerin sa\u011flanmas\u0131ndan sonra ERC\u2019nin t\u00fcm olanaklar\u0131n\u0131n, kullan\u0131lmas\u0131n\u0131n m\u00fcmk\u00fcn olabilece\u011fini ifade etmi\u015flerdir.<\/p>\n<p>Daha sonra, ERC\u2019nin yeni bir dernek kurulmas\u0131 \u00f6nerisi ile ilgili olarak T\u00fcrk Anesteziyoloji ve Reanimasyon Derne\u011fi Y\u00f6netim Kurulu\u2019na taraf\u0131m\u0131zdan bilgi sunulmu\u015f ve ERC\u2019nin bu \u00f6nerileri Y\u00f6netim Kurulunca olumlu kar\u015f\u0131lanm\u0131\u015ft\u0131r. Bu durum \u00fczerine, \u201cRes\u00fcsitasyon Derne\u011fi\u201dnin kurulmas\u0131 i\u00e7in \u00e7al\u0131\u015fmalara ba\u015flan\u0131lm\u0131\u015ft\u0131r.<\/p>\n<p><strong>RES\u00dcS\u0130TASYON DERNE\u011e\u0130<\/strong>'nin kurulu\u015f evraklar\u0131 35.040.057 k\u00fct\u00fck numaras\u0131 ile \u0130zmir Emniyet M\u00fcd\u00fcrl\u00fc\u011f\u00fc G\u00fcvenlik \u015eubesi'ne kaydedilmi\u015f olup, derne\u011fimiz <strong>10.06.2003<\/strong> tarihinden itibaren \"T\u00fczel Ki\u015filik\" kazanm\u0131\u015f bulunmaktad\u0131r.<\/p>\n<p>\u201cRes\u00fcsitasyon derne\u011fi\u201d m\u00fcltidisipliner bir yap\u0131ya sahiptir. Derne\u011fimizin t\u00fcz\u00fc\u011f\u00fcne g\u00f6re; T\u0131p Doktorlar\u0131 ve T\u00fczel Ki\u015filer, Res\u00fcsitasyon Derne\u011finin iki asil \u00fcyesinin de referans\u0131yla \u00fcyeli\u011fe aday olmak i\u00e7in yaz\u0131l\u0131 olarak ba\u015fvurabilirler. Bu ba\u015fvuru ilk y\u00f6netim kurulu toplant\u0131s\u0131nda karara ba\u011flan\u0131r ve sonu\u00e7 bir yaz\u0131yla ba\u015fvuru sahibine bildirilir. Adaylar\u0131n \u00fcyeli\u011fe kabul\u00fc y\u00f6netim kurulu toplant\u0131s\u0131nda gizli oylama ile ger\u00e7ekle\u015ftirilir. Burada \u00e7o\u011funlu\u011fun oyunu alanlar \u00fcyeli\u011fe kabul edilirler.<\/p>\n<p>15 Eyl\u00fcl 2004 tarihinde, <strong>\u201cEuropean Resuscitation\u00a0 Council\u201d<\/strong> ile <strong>\u201cRes\u00fcsitasyon Derne\u011fi\u201d<\/strong> ars\u0131nda B\u0130R anla\u015fma imzalanm\u0131\u015ft\u0131r. Bu anla\u015fma uyar\u0131nca<\/p>\n<p>\u201cRes\u00fcsitasyon Derne\u011fi\u201d ERC\u2019nin, uluslararas\u0131 bilimsel ortamda kabul g\u00f6rm\u00fc\u015f olan; CPR K\u0131lavuzlar\u0131 ve di\u011fer t\u00fcm bas\u0131l\u0131 bilimsel materyelini kullanacak,bunlar\u0131n T\u00fcrkiye\u2019de yay\u0131nlanmas\u0131n\u0131 sa\u011flayacak ve d\u00fczenlenecek olan \u201cEri\u015fkin ve Pediatrik Temel Ya\u015fam Deste\u011fi, Otomatik Eksternal Defibrilasyon, Eri\u015fkin ve Pediatrik \u0130leri Ya\u015fam Deste\u011fi, Yenido\u011fan\u0131n Res\u00fcsitasyonu\u201d kurslar\u0131nda ERC modeli kurs uygulamalar\u0131n\u0131 esas alacakt\u0131r. B\u00f6ylece uluslararas\u0131 standartlarda Res\u00fcsitasyon E\u011fitimi yap\u0131lmas\u0131 m\u00fcmk\u00fcn olacakt\u0131r. Bu \u00e7al\u0131\u015fmalar\u0131m\u0131z\u0131n T\u00fcrk sa\u011fl\u0131k camias\u0131 i\u00e7in \u00e7ok yararl\u0131 olaca\u011f\u0131n\u0131 umuyorum.<\/p>\n<p><strong>Prof. Dr. Ag\u00e2h \u00c7ERTU\u011e<\/strong><br \/>\nRes\u00fcsitasyon Derne\u011fi Ba\u015fkan\u0131<\/p>\n<p>Ege \u00dcniversitesi T\u0131p Fak\u00fcltesi<br \/>\nAnesteziyoloji ve Reanimasyon Anabilim Dal\u0131<br \/>\n35100\u00a0 Bornova \/ \u0130ZM\u0130R<br \/>\nTel :\u00a0 (232) 390 38 75<br \/>\nFax : (232) 339 76 87<br \/>\nE-mail : agah.certug@ege.edu.tr<\/p>","protected":false},"excerpt":{"rendered":"<p>De\u011ferli Meslekta\u015flar\u0131m; 1996 y\u0131l\u0131nda, T\u00fcrk Anesteziyoloji ve Reanimasyon Derne\u011fi b\u00fcnyesinde kurulmu\u015f bulunan \u201cRes\u00fcsitasyon Komitesi\u201d, 1998 y\u0131l\u0131nda \u201cEuropean Resuscitation Council(ERC) ile i\u015fbirli\u011fine ba\u015flam\u0131\u015ft\u0131r. Kuruldu\u011fu g\u00fcnden bu yana, T\u00fcrk Anesteziyoloji ve Reanimasyon Derne\u011fi y\u00f6netim kurullar\u0131 \u201cRes\u00fcsitasyon Komitesi\u2019ne ve\u00a0 ERC\u2019ye olan \u00fcyeli\u011fimize son derece \u00f6nem vermi\u015f, her t\u00fcrl\u00fc maddi ve manevi deste\u011fi sa\u011flam\u0131\u015flard\u0131r. Bu s\u00fcre\u00e7 i\u00e7erisinde TARD Y\u00f6netim [&hellip;]<\/p>\n","protected":false},"author":1,"featured_media":0,"parent":0,"menu_order":0,"comment_status":"closed","ping_status":"closed","template":"","meta":{"footnotes":""},"class_list":["post-1084","page","type-page","status-publish","hentry"],"_links":{"self":[{"href":"https:\/\/www.resusitasyon.org\/en\/wp-json\/wp\/v2\/pages\/1084","targetHints":{"allow":["GET"]}}],"collection":[{"href":"https:\/\/www.resusitasyon.org\/en\/wp-json\/wp\/v2\/pages"}],"about":[{"href":"https:\/\/www.resusitasyon.org\/en\/wp-json\/wp\/v2\/types\/page"}],"author":[{"embeddable":true,"href":"https:\/\/www.resusitasyon.org\/en\/wp-json\/wp\/v2\/users\/1"}],"replies":[{"embeddable":true,"href":"https:\/\/www.resusitasyon.org\/en\/wp-json\/wp\/v2\/comments?post=1084"}],"version-history":[{"count":1,"href":"https:\/\/www.resusitasyon.org\/en\/wp-json\/wp\/v2\/pages\/1084\/revisions"}],"predecessor-version":[{"id":1085,"href":"https:\/\/www.resusitasyon.org\/en\/wp-json\/wp\/v2\/pages\/1084\/revisions\/1085"}],"wp:attachment":[{"href":"https:\/\/www.resusitasyon.org\/en\/wp-json\/wp\/v2\/media?parent=1084"}],"curies":[{"name":"wp","href":"https:\/\/api.w.org\/{rel}","templated":true}]}}