{"id":1076,"date":"2024-09-30T11:18:16","date_gmt":"2024-09-30T08:18:16","guid":{"rendered":"https:\/\/www.resusitasyon.org\/?page_id=1076"},"modified":"2025-12-29T10:44:07","modified_gmt":"2025-12-29T07:44:07","slug":"uyelik-basvuru","status":"publish","type":"page","link":"https:\/\/www.resusitasyon.org\/en\/uyelik-basvuru\/","title":{"rendered":"\u00dcyelik Ba\u015fvuru"},"content":{"rendered":"<p>\u00dcyelik formunun doldurularak 2 foto\u011fraf ile birlikte a\u015fa\u011f\u0131daki adrese postalanmas\u0131n\u0131 ve <a href=\"mailto:sakin00@yahoo.com\">sakin00@yahoo.com<\/a> E-posta adresine g\u00f6nderilmesini rica ederiz.<\/p>\n\n\n\n<p>ADRES:<br>RESUS\u0130TASYON DERNE\u011e\u0130<\/p>\n\n\n\n<p>Kurtulu\u015f Mh. 64010 Sk. G\u00fcven Apt. No:18\/1 Seyhan\/ADANA<\/p>\n\n\n\n<p>AKBANK<br>RES\u00dcS\u0130TASYON DERNE\u011e\u0130<br>TR53 0004 6013 8688 8000 0499 72<\/p>\n\n\n\n<p>\u00dcyelik aidat\u0131m\u0131z y\u0131ll\u0131k 100 TL'dir.<\/p>\n\n\n\n<p><a href=\"https:\/\/www.resusitasyon.org\/wp-content\/uploads\/2024\/12\/uyelik_formu.docx\" target=\"_blank\" rel=\"noreferrer noopener\">\u00dcyelik formunu indirmek i\u00e7in t\u0131klay\u0131n.<\/a><\/p>\n\n\n\n<p><\/p>","protected":false},"excerpt":{"rendered":"<p>\u00dcyelik formunun doldurularak 2 foto\u011fraf ile birlikte a\u015fa\u011f\u0131daki adrese postalanmas\u0131n\u0131 ve sakin00@yahoo.com E-posta adresine g\u00f6nderilmesini rica ederiz. ADRES:RESUS\u0130TASYON DERNE\u011e\u0130 Kurtulu\u015f Mh. 64010 Sk. G\u00fcven Apt. No:18\/1 Seyhan\/ADANA AKBANKRES\u00dcS\u0130TASYON DERNE\u011e\u0130TR53 0004 6013 8688 8000 0499 72 \u00dcyelik aidat\u0131m\u0131z y\u0131ll\u0131k 100 TL'dir. \u00dcyelik formunu indirmek i\u00e7in t\u0131klay\u0131n.<\/p>","protected":false},"author":1,"featured_media":0,"parent":0,"menu_order":0,"comment_status":"closed","ping_status":"closed","template":"","meta":{"footnotes":""},"class_list":["post-1076","page","type-page","status-publish","hentry"],"_links":{"self":[{"href":"https:\/\/www.resusitasyon.org\/en\/wp-json\/wp\/v2\/pages\/1076","targetHints":{"allow":["GET"]}}],"collection":[{"href":"https:\/\/www.resusitasyon.org\/en\/wp-json\/wp\/v2\/pages"}],"about":[{"href":"https:\/\/www.resusitasyon.org\/en\/wp-json\/wp\/v2\/types\/page"}],"author":[{"embeddable":true,"href":"https:\/\/www.resusitasyon.org\/en\/wp-json\/wp\/v2\/users\/1"}],"replies":[{"embeddable":true,"href":"https:\/\/www.resusitasyon.org\/en\/wp-json\/wp\/v2\/comments?post=1076"}],"version-history":[{"count":8,"href":"https:\/\/www.resusitasyon.org\/en\/wp-json\/wp\/v2\/pages\/1076\/revisions"}],"predecessor-version":[{"id":1890,"href":"https:\/\/www.resusitasyon.org\/en\/wp-json\/wp\/v2\/pages\/1076\/revisions\/1890"}],"wp:attachment":[{"href":"https:\/\/www.resusitasyon.org\/en\/wp-json\/wp\/v2\/media?parent=1076"}],"curies":[{"name":"wp","href":"https:\/\/api.w.org\/{rel}","templated":true}]}}