{"id":1072,"date":"2024-09-30T11:16:37","date_gmt":"2024-09-30T08:16:37","guid":{"rendered":"https:\/\/www.resusitasyon.org\/?page_id=1072"},"modified":"2024-09-30T11:16:38","modified_gmt":"2024-09-30T08:16:38","slug":"kurucu-uyeler","status":"publish","type":"page","link":"https:\/\/www.resusitasyon.org\/en\/kurucu-uyeler\/","title":{"rendered":"Membership of Constitutive"},"content":{"rendered":"<p><strong>Prof. Dr. Filiz T\u00fcz\u00fcner\u00a0\u00a0<\/strong><br \/>\nAnkara \u00dcniversitesi T\u0131p Fak. Anesteziyoloji ve Reanimasayon AD. Ankara<\/p>\n<p><strong>Prof. Dr. Kutay Akpir<\/strong><br \/>\n\u0130.\u00dc. \u0130stanbul T\u0131p Fak\u00fcltesi Anesteziyoloji ve Reanimasayon AD. \u0130stanbul<\/p>\n<p><strong>Prof. Dr. U\u011fur Oral<\/strong><br \/>\nMersin \u00dcniversitesi T\u0131p Fak. Anesteziyoloji ve Reanimasayon AD Mersin \u00dcniversitesi Rekt\u00f6r\u00fc Mersin<\/p>\n<p><strong>Prof. Dr. Mois BAHAR<\/strong><br \/>\n\u0130.\u00dc. Cerrahpa\u015fa T\u0131p Fak\u00fcltesi Anesteziyoloji ve Reanimasayon AD \u0130stanbul<\/p>\n<p><strong>Prof. Dr. Ali Re\u015fat Moral<\/strong><br \/>\nEge \u00dcniversitesi T\u0131p Fak. Anesteziyoloji ve Reanimasayon AD Bornova \u0130ZM\u0130R<\/p>\n<p><strong>Prof. Dr. Oya Kutlay<\/strong><br \/>\nUluda\u011f \u00dcniversitesi T\u0131p Fak. Anesteziyoloji ve Reanimasayon AD.\u00a0 BURSA<\/p>\n<p><strong>Prof. Dr. Bora Ayka\u00e7<\/strong><br \/>\n\u0130.\u00dc. Cerrahpa\u015fa T\u0131p Fak\u00fcltesi Anesteziyoloji ve Reanimasayon AD \u0130stanbul<\/p>\n<p><strong>Prof. Dr. G\u00fclsen Korfal\u0131<\/strong><br \/>\nUluda\u011f \u00dcniversitesi T\u0131p Fak. Anesteziyoloji ve Reanimasayon AD. Bursa<\/p>\n<p><strong>Prof. Dr. Belk\u0131s Tanr\u0131verdi<\/strong><br \/>\nOsmangazi \u00dcniversitesi T\u0131p Fak Anesteziyoloji ve Reanimasayon AD. Eski\u015fehir<\/p>\n<p><strong>Prof. Dr. G\u00fcner Kaya<\/strong><br \/>\n\u0130.\u00dc. Cerrahpa\u015fa T\u0131p Fak\u00fcltesi Anesteziyoloji ve Reanimasayon AD. \u0130stanbul<\/p>\n<p><strong>Prof. Dr. Ak\u0131n Serdar<\/strong><br \/>\nUluda\u011f \u00dcniversitesi T\u0131p Fak. Kardiyoloji AD. Bursa<\/p>\n<p><strong>Prof. Dr. Mustafa Ak\u0131n<\/strong><br \/>\nEge \u00dcniversitesi T\u0131p Fak\u00fcltesi Kardiyoloji AD. \u0130zmir<\/p>\n<p><strong>Prof. Dr. Kamil Pembeci<\/strong><br \/>\n\u0130.\u00dc. \u0130stanbul T\u0131p Fak\u00fcltesi Anesteziyoloji ve Reanimasayon AD. \u0130stanbul<\/p>","protected":false},"excerpt":{"rendered":"<p>Prof. Dr. Filiz T\u00fcz\u00fcner\u00a0\u00a0 Ankara \u00dcniversitesi T\u0131p Fak. Anesteziyoloji ve Reanimasayon AD. Ankara Prof. Dr. Kutay Akpir \u0130.\u00dc. \u0130stanbul T\u0131p Fak\u00fcltesi Anesteziyoloji ve Reanimasayon AD. \u0130stanbul Prof. Dr. U\u011fur Oral Mersin \u00dcniversitesi T\u0131p Fak. Anesteziyoloji ve Reanimasayon AD Mersin \u00dcniversitesi Rekt\u00f6r\u00fc Mersin Prof. Dr. Mois BAHAR \u0130.\u00dc. Cerrahpa\u015fa T\u0131p Fak\u00fcltesi Anesteziyoloji ve Reanimasayon AD \u0130stanbul [&hellip;]<\/p>\n","protected":false},"author":1,"featured_media":0,"parent":0,"menu_order":0,"comment_status":"closed","ping_status":"closed","template":"","meta":{"footnotes":""},"class_list":["post-1072","page","type-page","status-publish","hentry"],"_links":{"self":[{"href":"https:\/\/www.resusitasyon.org\/en\/wp-json\/wp\/v2\/pages\/1072","targetHints":{"allow":["GET"]}}],"collection":[{"href":"https:\/\/www.resusitasyon.org\/en\/wp-json\/wp\/v2\/pages"}],"about":[{"href":"https:\/\/www.resusitasyon.org\/en\/wp-json\/wp\/v2\/types\/page"}],"author":[{"embeddable":true,"href":"https:\/\/www.resusitasyon.org\/en\/wp-json\/wp\/v2\/users\/1"}],"replies":[{"embeddable":true,"href":"https:\/\/www.resusitasyon.org\/en\/wp-json\/wp\/v2\/comments?post=1072"}],"version-history":[{"count":1,"href":"https:\/\/www.resusitasyon.org\/en\/wp-json\/wp\/v2\/pages\/1072\/revisions"}],"predecessor-version":[{"id":1074,"href":"https:\/\/www.resusitasyon.org\/en\/wp-json\/wp\/v2\/pages\/1072\/revisions\/1074"}],"wp:attachment":[{"href":"https:\/\/www.resusitasyon.org\/en\/wp-json\/wp\/v2\/media?parent=1072"}],"curies":[{"name":"wp","href":"https:\/\/api.w.org\/{rel}","templated":true}]}}