{"id":1066,"date":"2024-09-30T11:11:24","date_gmt":"2024-09-30T08:11:24","guid":{"rendered":"https:\/\/www.resusitasyon.org\/?page_id=1066"},"modified":"2024-10-01T14:07:50","modified_gmt":"2024-10-01T11:07:50","slug":"linkler","status":"publish","type":"page","link":"https:\/\/www.resusitasyon.org\/en\/linkler\/","title":{"rendered":"Links"},"content":{"rendered":"<p><a title=\"European Resuscitation Council\" href=\"https:\/\/www.erc.edu\/\" target=\"_blank\" rel=\"noopener\">European Resuscitation Council<\/a><\/p>\n<p><a title=\"Austrian Resuscitation Council\" href=\"http:\/\/www.arc.or.at\/\" target=\"_blank\" rel=\"noopener\">Austrian Resuscitation Council<\/a><\/p>\n<p><a title=\"Belgian Resuscitation Council\" href=\"https:\/\/resuscitation.be\/nl\/home\/\" target=\"_blank\" rel=\"noopener\">Belgian Resuscitation Council<\/a><\/p>\n<p><a title=\"Bosnia and Herzegovina Resuscitation Council\" href=\"http:\/\/www.rcbih.org\/\" target=\"_blank\" rel=\"noopener\">Bosnia and Herzegovina Resuscitation Council<\/a><\/p>\n<p><a title=\"Croatian Resuscitation Council\" href=\"http:\/\/www.crorc.org\/\" target=\"_blank\" rel=\"noopener\">Croatian Resuscitation Council<\/a><\/p>\n<p><a title=\"Cyprus Resuscitation Council\" href=\"http:\/\/www.kysan.org\/\" target=\"_blank\" rel=\"noopener\">Cyprus Resuscitation Council<\/a><\/p>\n<p><a title=\"Czech Resuscitation Council\" href=\"http:\/\/www.resuscitace.cz\/\" target=\"_blank\" rel=\"noopener\">Czech Resuscitation Council<\/a><\/p>\n<p><a title=\"Danish Resuscitation Council\" href=\"http:\/\/genoplivning.dk\/\" target=\"_blank\" rel=\"noopener\">Danish Resuscitation Council<\/a><\/p>\n<p><a title=\"Dutch Resuscitation Council\" href=\"https:\/\/www.reanimatieraad.nl\/\" target=\"_blank\" rel=\"noopener\">Dutch Resuscitation Council<\/a><\/p>\n<p><a title=\"Egyptian Resuscitation Council\" href=\"http:\/\/www.egrc.org.eg\/\" target=\"_blank\" rel=\"noopener\">Egyptian Resuscitation Council<\/a><\/p>\n<p><a title=\"Finnish Resuscitation Council\" href=\"https:\/\/www.say.fi\/fi\/\" target=\"_blank\" rel=\"noopener\">Finnish Resuscitation Council<\/a><\/p>\n<p><a title=\"French Resuscitation Council\" href=\"http:\/\/www.cfrc.fr\/\" target=\"_blank\" rel=\"noopener\">French Resuscitation Council (Conseil Fran\u00e7ais de R\u00e9animation Cardio-Pulmonaire)<\/a><\/p>\n<p><a title=\"German Resuscitation Council\" href=\"http:\/\/www.grc-org.de\/\" target=\"_blank\" rel=\"noopener\">German Resuscitation Council (Deutscher Rat f\u00fcr Wiederbelebung)<\/a><\/p>\n<p><a title=\"Hungarian Resuscitation Council\" href=\"http:\/\/www.reanimatio.com\/\" target=\"_blank\" rel=\"noopener\">Hungarian Resuscitation Council<\/a><\/p>\n<p><a title=\"Icelandic Resuscitation Council\" href=\"http:\/\/www.endurlifgun.is\/\" target=\"_blank\" rel=\"noopener\">Icelandic Resuscitation Council<\/a><\/p>\n<p><a title=\"Italian Resuscitation Council\" href=\"http:\/\/www.ircouncil.it\/\" target=\"_blank\" rel=\"noopener\">Italian Resuscitation Council<\/a><\/p>\n<p><a title=\"Luxembourg Resuscitation Council\" href=\"http:\/\/www.lrc.lu\/\" target=\"_blank\" rel=\"noopener\">Luxembourg Resuscitation Council<\/a><\/p>\n<p><a title=\"Malta Resuscitation Council\" href=\"http:\/\/www.resus.org.mt\/\" target=\"_blank\" rel=\"noopener\">Malta Resuscitation Council<\/a><\/p>\n<p><a title=\"Norwegian Resuscitation Council\" href=\"http:\/\/www.nrr.org\/\" target=\"_blank\" rel=\"noopener\">Norwegian Resuscitation Council<\/a><\/p>\n<p><a title=\"Polish Resuscitation Council\" href=\"http:\/\/www.prc.krakow.pl\/\" target=\"_blank\" rel=\"noopener\">Polish Resuscitation Council<\/a><\/p>\n<p><a title=\"Portuguese Resuscitation Council\" href=\"http:\/\/www.cpressuscitacao.pt\/\" target=\"_blank\" rel=\"noopener\">Portuguese Resuscitation Council<\/a><\/p>\n<p><a title=\"Resuscitation Council (UK)\" href=\"https:\/\/www.resus.org.uk\/\" target=\"_blank\" rel=\"noopener\">Resuscitation Council (UK)<\/a><\/p>\n<p><a title=\"Romanian Resuscitation Council\" href=\"http:\/\/www.cnrr.org\/\" target=\"_blank\" rel=\"noopener\">Romanian Resuscitation Council<\/a><\/p>\n<p><a title=\"Russian Resuscitation Council\" href=\"http:\/\/www.rusnrc.com\/\" target=\"_blank\" rel=\"noopener\">Russian Resuscitation Council<\/a><\/p>\n<p><a title=\"Serbian Resuscitation Council\" href=\"http:\/\/www.resuscitatio.org.rs\/\" target=\"_blank\" rel=\"noopener\">Serbian Resuscitation Council<\/a><\/p>\n<p><a title=\"Slovak Resuscitation Council\" href=\"http:\/\/slors.szum.si\/\" target=\"_blank\" rel=\"noopener\">Slovak Resuscitation Council<\/a><\/p>\n<p><a title=\"Slovenian Resuscitation Council\" href=\"http:\/\/slors.szum.si\/\" target=\"_blank\" rel=\"noopener\">Slovenian Resuscitation Council<\/a><\/p>\n<p><a title=\"Spanish Resuscitation Council\" href=\"http:\/\/www.cercp.org\/\" target=\"_blank\" rel=\"noopener\">Spanish Resuscitation Council (Consejo Espanol de Resucitacion Cardiopulmonar)<\/a><\/p>\n<p><a title=\"Sudan Resuscitation Council\" href=\"https:\/\/www.facebook.com\/Sudan-Resuscitation-Council-1510460585951159\/?fref=nf\" target=\"_blank\" rel=\"noopener\">Sudan Resuscitation Council<\/a><\/p>\n<p><a title=\"Swedish Resuscitation Council\" href=\"http:\/\/www.hlr.nu\/\" target=\"_blank\" rel=\"noopener\">Swedish Resuscitation Council<\/a><\/p>\n<p><a title=\"Swiss Resuscitation Council\" href=\"http:\/\/www.resuscitation.ch\" target=\"_blank\" rel=\"noopener\">Swiss Resuscitation Council<\/a><\/p>\n<p><a title=\"Tunisian Resuscitation Council\" href=\"http:\/\/www.trc-tun.org\/\" target=\"_blank\" rel=\"noopener\">Tunisian Resuscitation Council<\/a><\/p>\n\n\n<p><\/p>","protected":false},"excerpt":{"rendered":"<p>European Resuscitation Council Austrian Resuscitation Council Belgian Resuscitation Council Bosnia and Herzegovina Resuscitation Council Croatian Resuscitation Council Cyprus Resuscitation Council Czech Resuscitation Council Danish Resuscitation Council Dutch Resuscitation Council Egyptian Resuscitation Council Finnish Resuscitation Council French Resuscitation Council (Conseil Fran\u00e7ais de R\u00e9animation Cardio-Pulmonaire) German Resuscitation Council (Deutscher Rat f\u00fcr Wiederbelebung) Hungarian Resuscitation Council Icelandic Resuscitation [&hellip;]<\/p>\n","protected":false},"author":1,"featured_media":0,"parent":0,"menu_order":0,"comment_status":"closed","ping_status":"closed","template":"","meta":{"footnotes":""},"class_list":["post-1066","page","type-page","status-publish","hentry"],"_links":{"self":[{"href":"https:\/\/www.resusitasyon.org\/en\/wp-json\/wp\/v2\/pages\/1066","targetHints":{"allow":["GET"]}}],"collection":[{"href":"https:\/\/www.resusitasyon.org\/en\/wp-json\/wp\/v2\/pages"}],"about":[{"href":"https:\/\/www.resusitasyon.org\/en\/wp-json\/wp\/v2\/types\/page"}],"author":[{"embeddable":true,"href":"https:\/\/www.resusitasyon.org\/en\/wp-json\/wp\/v2\/users\/1"}],"replies":[{"embeddable":true,"href":"https:\/\/www.resusitasyon.org\/en\/wp-json\/wp\/v2\/comments?post=1066"}],"version-history":[{"count":2,"href":"https:\/\/www.resusitasyon.org\/en\/wp-json\/wp\/v2\/pages\/1066\/revisions"}],"predecessor-version":[{"id":1147,"href":"https:\/\/www.resusitasyon.org\/en\/wp-json\/wp\/v2\/pages\/1066\/revisions\/1147"}],"wp:attachment":[{"href":"https:\/\/www.resusitasyon.org\/en\/wp-json\/wp\/v2\/media?parent=1066"}],"curies":[{"name":"wp","href":"https:\/\/api.w.org\/{rel}","templated":true}]}}