{"id":1064,"date":"2024-09-30T11:11:11","date_gmt":"2024-09-30T08:11:11","guid":{"rendered":"https:\/\/www.resusitasyon.org\/?page_id=1064"},"modified":"2025-04-11T09:35:08","modified_gmt":"2025-04-11T06:35:08","slug":"iletisim","status":"publish","type":"page","link":"https:\/\/www.resusitasyon.org\/en\/iletisim\/","title":{"rendered":"Contact Us"},"content":{"rendered":"<h3 class=\"wp-block-heading\">Contact Us<\/h3>\n\n\n\n<p>\u015eule \u00d6ZB\u0130LG\u0130N<\/p>\n\n\n\n<p>ADRES: <\/p>\n\n\n\n<p>Kurtulu\u015f Mh. 64010 Sk. No:18 G\u00fcven Ap. Daire:12 Seyhan\/ADANA<\/p>\n\n\n\n<p><a href=\"Bilgi: info@resusitasyon.org\">info@resusitasyon.org<\/a><\/p>\n\n\n\n<h3 class=\"wp-block-heading\">Hesap Numaram\u0131z<\/h3>\n\n\n\n<p>RES\u00dcS\u0130TASYON DERNE\u011e\u0130<br>AKBANK NARLIDERE \u015eUBES\u0130<br>TR91 0004 6003 4888 8000 0499 72<\/p>","protected":false},"excerpt":{"rendered":"<p>\u0130leti\u015fim \u015eule \u00d6ZB\u0130LG\u0130N ADRES: Kurtulu\u015f Mh. 64010 Sk. No:18 G\u00fcven Ap. Daire:12 Seyhan\/ADANA info@resusitasyon.org Hesap Numaram\u0131z RES\u00dcS\u0130TASYON DERNE\u011e\u0130AKBANK NARLIDERE \u015eUBES\u0130TR91 0004 6003 4888 8000 0499 72<\/p>","protected":false},"author":1,"featured_media":0,"parent":0,"menu_order":0,"comment_status":"closed","ping_status":"closed","template":"","meta":{"footnotes":""},"class_list":["post-1064","page","type-page","status-publish","hentry"],"_links":{"self":[{"href":"https:\/\/www.resusitasyon.org\/en\/wp-json\/wp\/v2\/pages\/1064","targetHints":{"allow":["GET"]}}],"collection":[{"href":"https:\/\/www.resusitasyon.org\/en\/wp-json\/wp\/v2\/pages"}],"about":[{"href":"https:\/\/www.resusitasyon.org\/en\/wp-json\/wp\/v2\/types\/page"}],"author":[{"embeddable":true,"href":"https:\/\/www.resusitasyon.org\/en\/wp-json\/wp\/v2\/users\/1"}],"replies":[{"embeddable":true,"href":"https:\/\/www.resusitasyon.org\/en\/wp-json\/wp\/v2\/comments?post=1064"}],"version-history":[{"count":6,"href":"https:\/\/www.resusitasyon.org\/en\/wp-json\/wp\/v2\/pages\/1064\/revisions"}],"predecessor-version":[{"id":1865,"href":"https:\/\/www.resusitasyon.org\/en\/wp-json\/wp\/v2\/pages\/1064\/revisions\/1865"}],"wp:attachment":[{"href":"https:\/\/www.resusitasyon.org\/en\/wp-json\/wp\/v2\/media?parent=1064"}],"curies":[{"name":"wp","href":"https:\/\/api.w.org\/{rel}","templated":true}]}}